{"id":36,"date":"2025-04-13T20:56:53","date_gmt":"2025-04-13T17:56:53","guid":{"rendered":"https:\/\/fensab.com\/?page_id=36"},"modified":"2025-04-19T20:31:50","modified_gmt":"2025-04-19T17:31:50","slug":"hakkimizda","status":"publish","type":"page","link":"https:\/\/fensab.com\/","title":{"rendered":"HAKKIMIZDA"},"content":{"rendered":"\n<p>End\u00fcstriyel Tesislerin proses dizayn\u0131ndan ba\u015flayarak, temel m\u00fchendislik, detay m\u00fchendislik, makine ve ekipman tasar\u0131m\u0131n\u0131 da kapsayan t\u00fcm a\u015famalar\u0131nda hizmet vermek ad\u0131na yola \u00e7\u0131kan ve enerjisini m\u00fc\u015fteri memnuniyetinden alan <strong>Fensab<\/strong>, sundu\u011fu \u00e7\u00f6z\u00fcm odakl\u0131 alternatif tasar\u0131mlar ile ithal \u00fcr\u00fcn ve m\u00fchendislik hizmetlerini azaltmakta buna ba\u011fl\u0131 y\u00fcksek ithalat maliyetlerin \u00f6n\u00fcne ge\u00e7erek \u00fclke ekonomisine katk\u0131 sa\u011flamaktad\u0131r.\u00a0<\/p>\n\n\n\n<p><\/p>\n","protected":false},"excerpt":{"rendered":"<p>End\u00fcstriyel Tesislerin proses dizayn\u0131ndan ba\u015flayarak, temel m\u00fchendislik, detay m\u00fchendislik, makine ve ekipman tasar\u0131m\u0131n\u0131 da kapsayan t\u00fcm a\u015famalar\u0131nda hizmet vermek ad\u0131na yola \u00e7\u0131kan ve enerjisini m\u00fc\u015fteri memnuniyetinden alan Fensab, sundu\u011fu \u00e7\u00f6z\u00fcm odakl\u0131 alternatif tasar\u0131mlar ile ithal \u00fcr\u00fcn ve m\u00fchendislik hizmetlerini azaltmakta buna ba\u011fl\u0131 y\u00fcksek ithalat maliyetlerin \u00f6n\u00fcne ge\u00e7erek \u00fclke ekonomisine katk\u0131 sa\u011flamaktad\u0131r.\u00a0<\/p>\n","protected":false},"author":1,"featured_media":0,"parent":0,"menu_order":0,"comment_status":"closed","ping_status":"closed","template":"","meta":{"footnotes":""},"class_list":["post-36","page","type-page","status-publish","hentry"],"_links":{"self":[{"href":"https:\/\/fensab.com\/index.php?rest_route=\/wp\/v2\/pages\/36","targetHints":{"allow":["GET"]}}],"collection":[{"href":"https:\/\/fensab.com\/index.php?rest_route=\/wp\/v2\/pages"}],"about":[{"href":"https:\/\/fensab.com\/index.php?rest_route=\/wp\/v2\/types\/page"}],"author":[{"embeddable":true,"href":"https:\/\/fensab.com\/index.php?rest_route=\/wp\/v2\/users\/1"}],"replies":[{"embeddable":true,"href":"https:\/\/fensab.com\/index.php?rest_route=%2Fwp%2Fv2%2Fcomments&post=36"}],"version-history":[{"count":2,"href":"https:\/\/fensab.com\/index.php?rest_route=\/wp\/v2\/pages\/36\/revisions"}],"predecessor-version":[{"id":81,"href":"https:\/\/fensab.com\/index.php?rest_route=\/wp\/v2\/pages\/36\/revisions\/81"}],"wp:attachment":[{"href":"https:\/\/fensab.com\/index.php?rest_route=%2Fwp%2Fv2%2Fmedia&parent=36"}],"curies":[{"name":"wp","href":"https:\/\/api.w.org\/{rel}","templated":true}]}}